{"id":1069,"date":"2018-02-27T16:16:26","date_gmt":"2018-02-27T15:16:26","guid":{"rendered":"http:\/\/www.koymalatee.be\/?page_id=1069"},"modified":"2018-03-26T19:18:29","modified_gmt":"2018-03-26T17:18:29","slug":"massages","status":"publish","type":"page","link":"https:\/\/www.koymalatee.be\/index.php\/massages\/","title":{"rendered":"Massages"},"content":{"rendered":"<div class=\"wpb-content-wrapper\"><p>[vc_row full_width=\u00a0\u00bbstretch_row_content\u00a0\u00bb css=\u00a0\u00bb.vc_custom_1519662701322{background-image: url(http:\/\/www.koymalatee.be\/wp-content\/uploads\/2018\/02\/Fond-de-page-min-e1519660532467.jpg?id=330) !important;}\u00a0\u00bb][vc_column css=\u00a0\u00bb.vc_custom_1519660411409{padding-top: 80px !important;padding-bottom: 80px !important;background-position: center !important;background-repeat: no-repeat !important;background-size: contain !important;}\u00a0\u00bb][vc_column_text]<\/p>\n<p style=\"text-align: center; font-size: 3.2em;\"><span style=\"color: #ffffff;\"><strong>Les massages propos\u00e9s<\/strong><\/span><\/p>\n<p>[\/vc_column_text][\/vc_column][\/vc_row][vc_row][vc_column width=\u00a0\u00bb1\/2&Prime;]<style type=\"text\/css\">.normal.heading-1 {\r\n\t\t\t\tfont-size:;\r\n\t\t\t\tcolor:#bc41a1;\r\n\t\t\t\tdisplay:block;\r\n\t\t\t\tmargin:2px 0; \r\n\t\t\t}<\/style><h2 class=\"vcmp-heading normal vcmp-align-center heading-1\"><span>MASSAGE AUX HUILES ESSENTIELLES<\/span><\/h2>[vc_column_text]<\/p>\n<p style=\"text-align: center;\">Avant tous massages, lors de la prise de contact, la masseuse vous lavera vos pieds avant de vous changer.<\/p>\n<p style=\"text-align: center;\">Ces massages se feront \u00e0 l&rsquo;huile, diff\u00e9rents parfums d\u2019huile vous seront propos\u00e9s<\/p>\n<p style=\"text-align: center;\">Le ou la mass\u00e9(e) sera en sous-v\u00eatements.<\/p>\n<p style=\"text-align: center;\">Massage Tha\u00ef Traditionnel \u00e0 l\u2019huile avec \u00e9tirements des muscles.<\/p>\n<p style=\"text-align: center;\"><strong>Prix :<\/strong>\u00a0 49\u20ac\/60min &#8211; 72\u20ac\/90min &#8211; 95\u20ac\/120min<\/p>\n<p>[\/vc_column_text][\/vc_column][vc_column width=\u00a0\u00bb1\/2&Prime;][vc_single_image image=\u00a0\u00bb1181&Prime; img_size=\u00a0\u00bbmedium\u00a0\u00bb alignment=\u00a0\u00bbcenter\u00a0\u00bb][\/vc_column][\/vc_row][vc_row full_width=\u00a0\u00bbstretch_row\u00a0\u00bb css=\u00a0\u00bb.vc_custom_1519745160169{background-color: rgba(228,213,237,0.3) !important;*background-color: rgb(228,213,237) !important;}\u00a0\u00bb][vc_column width=\u00a0\u00bb1\/2&Prime;][vc_single_image image=\u00a0\u00bb1179&Prime; img_size=\u00a0\u00bbmedium\u00a0\u00bb alignment=\u00a0\u00bbcenter\u00a0\u00bb css=\u00a0\u00bb.vc_custom_1520853545639{margin-top: 3em !important;}\u00a0\u00bb][\/vc_column][vc_column width=\u00a0\u00bb1\/2&Prime;]<style type=\"text\/css\">.normal.heading-2 {\r\n\t\t\t\tfont-size:;\r\n\t\t\t\tcolor:#bc41a1;\r\n\t\t\t\tdisplay:block;\r\n\t\t\t\tmargin:2px 0; \r\n\t\t\t}<\/style><h2 class=\"vcmp-heading normal vcmp-align-center heading-2\"><span>Sp\u00e9cial bien \u00eatre, le massage au Tampon d'herbes.<\/span><\/h2>[vc_column_text css=\u00a0\u00bb.vc_custom_1519746018884{margin-top: 10px !important;}\u00a0\u00bb]<\/p>\n<p style=\"text-align: left;\">Accompagn\u00e9 d\u2019un massage Tha\u00ef Traditionnel, ou d\u2019un massage \u00e0 l\u2019huile, nous vous proposons la technique Nuad Plakob. (Boule de tissu avec des herbes aromatis\u00e9es et chaude) Accompagn\u00e9 du massage choisi, ce massage consiste \u00e0 utiliser<\/p>\n<p style=\"text-align: left;\">Ces compresses sont sp\u00e9cialement con\u00e7ues.<\/p>\n<p style=\"text-align: left;\">Ces pochoirs contiennent un m\u00e9lange d\u2019herbes m\u00e9dicinales choisies sp\u00e9cialement en Tha\u00eflande, qui vont lib\u00e9rer leurs bienfaits et leurs parfums sous l\u2019effet de la chaleur.<\/p>\n<p style=\"text-align: left;\"><strong>Prix\u00a0:<\/strong> 60\u20ac\/60min &#8211; 90\u20ac\/90min &#8211; 120\u20ac\/120min<\/p>\n<p>[\/vc_column_text][\/vc_column][\/vc_row][vc_row full_width=\u00a0\u00bbstretch_row\u00a0\u00bb][vc_column width=\u00a0\u00bb1\/2&Prime;]<style type=\"text\/css\">.normal.heading-3 {\r\n\t\t\t\tfont-size:;\r\n\t\t\t\tcolor:#bc41a1;\r\n\t\t\t\tdisplay:block;\r\n\t\t\t\tmargin:2px 0; \r\n\t\t\t}<\/style><h2 class=\"vcmp-heading normal vcmp-align-center heading-3\"><span>Tha\u00ef Massage Traditionnel<\/span><\/h2>[vc_column_text css=\u00a0\u00bb.vc_custom_1519746413424{margin-top: 10px !important;}\u00a0\u00bb]Laissez-vous guider par votre masseuse qui vous dira comment vous positionner pour se concentrer sur son travail.<\/p>\n<p>Surtout ne pas h\u00e9siter \u00e0 dire \u00e0 votre masseuse d&rsquo;y aller un peu plus doucement : bao bao &#8211; \u0e40\u0e1a\u0e32\u0e40\u0e1a\u0e32 &#8211; en Tha\u00ef, si vous ressentez le besoin.<\/p>\n<p>\u200b\u200bLe Tha\u00ef Massage implique un travail global sur tout le corps. Bas\u00e9 sur le concept des lignes d\u2019\u00e9nergie, il apporte d\u00e9tente et tonification \u00e0 la personne mass\u00e9e.<\/p>\n<p>\u200bLe Tha\u00ef Massage se pratique sur une table sp\u00e9ciale.<\/p>\n<p>Il se re\u00e7oit non d\u00e9v\u00eatu, mais en tenue d\u00e9contract\u00e9e. (Short, T-shirt, training)<\/p>\n<p>\u200bLa pratique se fait donc sans huile,\u00a0par des pressions avec\u00a0les mains, les\u00a0avant-bras, les pieds et par \u00e9tirements.<\/p>\n<p>&nbsp;<\/p>\n<p><strong>Prix :<\/strong> 39\u20ac\/60min &#8211; 58\u20ac\/90min &#8211; 75\u20ac\/120min[\/vc_column_text][\/vc_column][vc_column width=\u00a0\u00bb1\/2&Prime;][vc_single_image image=\u00a0\u00bb1177&Prime; img_size=\u00a0\u00bbmedium\u00a0\u00bb alignment=\u00a0\u00bbcenter\u00a0\u00bb css=\u00a0\u00bb.vc_custom_1520853486711{margin-top: 3em !important;}\u00a0\u00bb][\/vc_column][\/vc_row][vc_row full_width=\u00a0\u00bbstretch_row\u00a0\u00bb css=\u00a0\u00bb.vc_custom_1519745160169{background-color: rgba(228,213,237,0.3) !important;*background-color: rgb(228,213,237) !important;}\u00a0\u00bb][vc_column width=\u00a0\u00bb1\/2&Prime;][vc_single_image image=\u00a0\u00bb1175&Prime; img_size=\u00a0\u00bbmedium\u00a0\u00bb alignment=\u00a0\u00bbcenter\u00a0\u00bb css=\u00a0\u00bb.vc_custom_1520853411083{margin-top: 3em !important;}\u00a0\u00bb][\/vc_column][vc_column width=\u00a0\u00bb1\/2&Prime;]<style type=\"text\/css\">.normal.heading-4 {\r\n\t\t\t\tfont-size:;\r\n\t\t\t\tcolor:#bc41a1;\r\n\t\t\t\tdisplay:block;\r\n\t\t\t\tmargin:2px 0; \r\n\t\t\t}<\/style><h2 class=\"vcmp-heading normal vcmp-align-center heading-4\"><span>Autres massages<\/span><\/h2>[vc_column_text css=\u00a0\u00bb.vc_custom_1519746513897{margin-top: 10px !important;}\u00a0\u00bb]Simplement un soin pour vos\u00a0mains,\u00a0vos pieds (voir photo dans Un peu d\u2019histoire sur les massages\u00a0 Tha\u00eflandais), vos jambes, la t\u00eate ou que le dos, nous vous proposons ces services \u00e0 votre demande.<\/p>\n<p>Nous travaillons avec une hygi\u00e8ne irr\u00e9prochable.<\/p>\n<p>Travail \u00e0 la carte, assis dans un fauteuil de relaxation sp\u00e9cialement con\u00e7u pour ces massages.<\/p>\n<p><strong>Prix :<\/strong> 35\u20ac\/30min &#8211;\u00a0<u>Autres devis disponibles sur demande.<\/u>[\/vc_column_text][\/vc_column][\/vc_row][vc_row full_width=\u00a0\u00bbstretch_row\u00a0\u00bb css=\u00a0\u00bb.vc_custom_1520863798949{background-color: rgba(228,213,237,0.3) !important;*background-color: rgb(228,213,237) !important;}\u00a0\u00bb][vc_column width=\u00a0\u00bb1\/3&Prime;][vc_single_image image=\u00a0\u00bb1225&Prime; img_size=\u00a0\u00bbmedium\u00a0\u00bb alignment=\u00a0\u00bbcenter\u00a0\u00bb][\/vc_column][vc_column width=\u00a0\u00bb1\/3&Prime;][vc_single_image image=\u00a0\u00bb1224&Prime; img_size=\u00a0\u00bbmedium\u00a0\u00bb alignment=\u00a0\u00bbcenter\u00a0\u00bb][\/vc_column][vc_column width=\u00a0\u00bb1\/3&Prime;][vc_single_image image=\u00a0\u00bb1223&Prime; img_size=\u00a0\u00bbmedium\u00a0\u00bb alignment=\u00a0\u00bbcenter\u00a0\u00bb][\/vc_column][\/vc_row][vc_row full_width=\u00a0\u00bbstretch_row\u00a0\u00bb][vc_column width=\u00a0\u00bb1\/2&Prime;]<style type=\"text\/css\">.normal.heading-5 {\r\n\t\t\t\tfont-size:;\r\n\t\t\t\tcolor:#bc41a1;\r\n\t\t\t\tdisplay:block;\r\n\t\t\t\tmargin:2px 0; \r\n\t\t\t}<\/style><h2 class=\"vcmp-heading normal vcmp-align-center heading-5\"><span>Massage pour femme enceinte (Pr\u00e9natal)<\/span><\/h2>[vc_column_text css=\u00a0\u00bb.vc_custom_1522084708204{margin-top: 10px !important;}\u00a0\u00bb]<\/p>\n<p style=\"text-align: justify;\">Le massage pour future maman se donne \u00e0 partir de la 13\u00e8me semaine de grossesse (<strong>4\u00e8me mois<\/strong>) et sans probl\u00e8me jusque l\u2019accouchement.<\/p>\n<p style=\"text-align: center;\"><strong><em>\u00abPorter un enfant, c\u2019est promettre au monde un peu d\u2019\u00e9ternit\u00e9&#8230;\u00bb \u00a0<\/em><\/strong><\/p>\n<p style=\"text-align: justify;\">La grossesse est une exp\u00e9rience unique, elle se caract\u00e9rise par de nombreux bouleversements physiques, psychiques et \u00e9motifs de la future maman.<\/p>\n<p style=\"text-align: justify;\">Il y \u00e0 l&rsquo;augmentation du poids et les changements hormonaux, d&rsquo;autres g\u00eanes peuvent appara\u00eetre comme\u00a0: jambes lourdes, maux de t\u00eate, fatigue des muscles.<\/p>\n<p style=\"text-align: justify;\">Pour diminuer ces d\u00e9sagr\u00e9ments, ce type de massage ad\u00e9quat \u00e0 votre grossesse, \u00a0est certainement un des meilleurs m\u00e9dicaments naturels qui vous donneront plus de dynamisme et de bien-\u00eatre tout au long de la p\u00e9riode avant l\u2019accouchement.<\/p>\n<p style=\"text-align: justify;\">C&rsquo;est aussi un moment privil\u00e9gi\u00e9 o\u00f9 vous maman et votre b\u00e9b\u00e9 communiquent et ressentent les bienfaits du massage mutuellement.<\/p>\n<p style=\"text-align: justify;\">Au-del\u00e0 de 12 semaines, votre enfant d\u00e9veloppe ses capacit\u00e9s de perception. Il entend les sons, il sent les caresses mais aussi les angoisses de la future maman.<\/p>\n<p style=\"text-align: justify;\">Pendant que la maman profite des bienfaits du massage et se d\u00e9tend, le b\u00e9b\u00e9 profite \u00e9galement de la douceur et des bienfaits de cet instant.<\/p>\n<p style=\"text-align: justify;\">Les caresses le s\u00e9curisent et contribuent \u00e0 son \u00e9panouissement affectif.<\/p>\n<p><span style=\"color: #bc41a1;\"><strong>Les huiles utilis\u00e9es sont BIO et\u00a0naturelles<\/strong>\u00a0<strong>sans parfums<\/strong><\/span>, pour \u00e9viter tous d\u00e9sagr\u00e9ments,\u00a0<span style=\"color: #bc41a1;\">ainsi que les bougies que nous employons sp\u00e9cialement pour ce type de massage<\/span>, qui elles aussi\u00a0 sont\u00a0en cire naturelle\u00a0sans odeur\u00a0pour ne pas vous perturber et vous donner un sentiment zen et d\u00e9contractant durant votre s\u00e9ance\u00a0de relaxation.<\/p>\n<p>Le massage dure environ 1 heure et la s\u00e9ance compl\u00e8te environ 1 heure 15\u2019 (il faut prendre en compte le temps de partage, la pr\u00e9paration\u2026).\u00a0\u00a0<span style=\"color: #bc41a1;\"><strong>Pour un bienfait sur la longueur, il est id\u00e9al de s\u2019offrir au minimum un massage par mois<\/strong><\/span><\/p>\n<p><strong>Prix\u00a0:<\/strong> 49\u20ac\/60min[\/vc_column_text][\/vc_column][vc_column width=\u00a0\u00bb1\/2&Prime;][vc_single_image image=\u00a0\u00bb1260&Prime; img_size=\u00a0\u00bbmedium\u00a0\u00bb alignment=\u00a0\u00bbcenter\u00a0\u00bb css=\u00a0\u00bb.vc_custom_1522058744652{margin-top: 3em !important;}\u00a0\u00bb][vc_single_image image=\u00a0\u00bb1259&Prime; img_size=\u00a0\u00bbmedium\u00a0\u00bb alignment=\u00a0\u00bbcenter\u00a0\u00bb css=\u00a0\u00bb.vc_custom_1522059786342{margin-top: 3em !important;}\u00a0\u00bb][\/vc_column][\/vc_row]<\/p>\n<\/div>","protected":false},"excerpt":{"rendered":"<p>[vc_row full_width=\u00a0\u00bbstretch_row_content\u00a0\u00bb css=\u00a0\u00bb.vc_custom_1519662701322{background-image: url(http:\/\/www.koymalatee.be\/wp-content\/uploads\/2018\/02\/Fond-de-page-min-e1519660532467.jpg?id=330) !important;}\u00a0\u00bb][vc_column css=\u00a0\u00bb.vc_custom_1519660411409{padding-top: 80px !important;padding-bottom: 80px !important;background-position: center !important;background-repeat: no-repeat !important;background-size: contain !important;}\u00a0\u00bb][vc_column_text] Les massages propos\u00e9s [\/vc_column_text][\/vc_column][\/vc_row][vc_row][vc_column width=\u00a0\u00bb1\/2&Prime;][vc_column_text] Avant tous massages, lors de la prise de contact, la masseuse vous lavera vos pieds avant de vous changer. Ces massages se feront \u00e0 l&rsquo;huile, diff\u00e9rents parfums d\u2019huile vous seront propos\u00e9s Le ou la [&hellip;]<\/p>\n","protected":false},"author":1,"featured_media":0,"parent":0,"menu_order":0,"comment_status":"closed","ping_status":"closed","template":"","meta":{"footnotes":""},"_links":{"self":[{"href":"https:\/\/www.koymalatee.be\/index.php\/wp-json\/wp\/v2\/pages\/1069"}],"collection":[{"href":"https:\/\/www.koymalatee.be\/index.php\/wp-json\/wp\/v2\/pages"}],"about":[{"href":"https:\/\/www.koymalatee.be\/index.php\/wp-json\/wp\/v2\/types\/page"}],"author":[{"embeddable":true,"href":"https:\/\/www.koymalatee.be\/index.php\/wp-json\/wp\/v2\/users\/1"}],"replies":[{"embeddable":true,"href":"https:\/\/www.koymalatee.be\/index.php\/wp-json\/wp\/v2\/comments?post=1069"}],"version-history":[{"count":41,"href":"https:\/\/www.koymalatee.be\/index.php\/wp-json\/wp\/v2\/pages\/1069\/revisions"}],"predecessor-version":[{"id":1271,"href":"https:\/\/www.koymalatee.be\/index.php\/wp-json\/wp\/v2\/pages\/1069\/revisions\/1271"}],"wp:attachment":[{"href":"https:\/\/www.koymalatee.be\/index.php\/wp-json\/wp\/v2\/media?parent=1069"}],"curies":[{"name":"wp","href":"https:\/\/api.w.org\/{rel}","templated":true}]}}