{"id":1094,"date":"2018-02-27T17:04:06","date_gmt":"2018-02-27T16:04:06","guid":{"rendered":"http:\/\/www.koymalatee.be\/?page_id=1094"},"modified":"2018-03-12T12:26:10","modified_gmt":"2018-03-12T11:26:10","slug":"a-savoir","status":"publish","type":"page","link":"https:\/\/www.koymalatee.be\/index.php\/a-savoir\/","title":{"rendered":"A savoir"},"content":{"rendered":"<div class=\"wpb-content-wrapper\"><p>[vc_row full_width=\u00a0\u00bbstretch_row_content\u00a0\u00bb css=\u00a0\u00bb.vc_custom_1519662701322{background-image: url(http:\/\/www.koymalatee.be\/wp-content\/uploads\/2018\/02\/Fond-de-page-min-e1519660532467.jpg?id=330) !important;}\u00a0\u00bb][vc_column css=\u00a0\u00bb.vc_custom_1519660411409{padding-top: 80px !important;padding-bottom: 80px !important;background-position: center !important;background-repeat: no-repeat !important;background-size: contain !important;}\u00a0\u00bb][vc_column_text]<\/p>\n<p style=\"text-align: center; font-size: 3.2em;\"><span style=\"color: #ffffff;\"><strong>A savoir et \u00e0 lire avant de faire un massage<\/strong><\/span><\/p>\n<p>[\/vc_column_text][\/vc_column][\/vc_row][vc_row][vc_column][vc_column_text]<\/p>\n<ol>\n<li><strong>Services<\/strong><\/li>\n<\/ol>\n<p>Les services et tarifs vous sont clairement d\u00e9crits.<\/p>\n<p>Tout autre service que ceux propos\u00e9s ne seront pas accept\u00e9 !<\/p>\n<p>De plus, les tarifs ne sont pas n\u00e9gociables.<\/p>\n<ol start=\"2\">\n<li><strong>Respect de la masseuse.<\/strong><\/li>\n<\/ol>\n<p>En cas de comportement irrespectueux et vulgaire \u00e0 l&rsquo;\u00e9gard d\u2019elle, vous serez invit\u00e9 \u00e0 quitter notre salon sur le champ sans remboursement possible envisageable.<\/p>\n<p>Toute personne faisant des propositions d\u00e9gradantes ou humiliantes sera exclue d\u00e9finitivement de notre salon.<\/p>\n<p>La masseuse travaille de mani\u00e8re ind\u00e9pendante, elle vous guidera pour trouver la meilleure position pour votre confort.<\/p>\n<ol start=\"3\">\n<li><strong>Hygi\u00e8ne<\/strong><\/li>\n<\/ol>\n<p>Nous veillons personnellement \u00e0 avoir une hygi\u00e8ne corporelle irr\u00e9prochable.<\/p>\n<p>Nous vous demandons de faire de m\u00eame svp.<\/p>\n<p>Merci de respecter la personne qui vous prendra en charge, pour \u00e9liminer votre stress et pour faire profiter du bien \u00eatre zen de son massage.<\/p>\n<ol start=\"4\">\n<li><strong>Discr\u00e9tion<\/strong><\/li>\n<\/ol>\n<p>Nous nous engageons \u00e0 ne pas communiquer vos informations personnelles.<\/p>\n<p>Nous respectons nos clients et nous ne parlons de vous \u00e0 personne.<\/p>\n<ol start=\"5\">\n<li><strong>Votre rendez-vous<\/strong><\/li>\n<\/ol>\n<p>Nous vous demanderons de respecter l&rsquo;heure de votre rendez-vous.<\/p>\n<p>Si vous arrivez chez nous avec plus de 10 minutes d&rsquo;avance, nous ne pourrons pas vous accueillir n&rsquo;ayant personne pour vous accueillir. disposition.<\/p>\n<p>En cas de retard ou d&rsquo;annulation, merci de pr\u00e9venir au plus vite par SMS uniquement svp.<\/p>\n<p>Un retard de votre part de plus de 10 minutes entra\u00eene une diminution du temps du massage et cela sans r\u00e9duction du tarif.<\/p>\n<p>Dans le cas de deux annulations ou plus dans l\u2019ann\u00e9e, une indemnisation de 50% du tarif, du votre massage que vous souhaitez, vous sera demand\u00e9 en suppl\u00e9ment.<\/p>\n<p>Si vous ne venez pas \u00e0 votre rendez-vous sans avoir pr\u00e9venu, une heure vous sera factur\u00e9e.<\/p>\n<p>\u00c9tant donn\u00e9 que chaque personne est diff\u00e9rente ainsi que les besoins, il est possible que le temps de massage soit l\u00e9g\u00e8rement augment\u00e9 ou diminu\u00e9.<\/p>\n<ol start=\"6\">\n<li><strong>Votre GSM<\/strong><\/li>\n<\/ol>\n<p>Merci d\u2019\u00e9teindre votre t\u00e9l\u00e9phone en rentrant dans le salon. Ceci pour ne pas vous ennuyer et profiter pleinement de votre massage.<\/p>\n<ol start=\"7\">\n<li><strong>Bonne pr\u00e9sentation<\/strong><\/li>\n<\/ol>\n<p>Nous nous pr\u00e9sentons \u00e0 vous dans une tenue propre. Pensez \u00e0 faire de m\u00eame.<\/p>\n<p>Nous vous remercions de votre compr\u00e9hension.[\/vc_column_text][\/vc_column][\/vc_row][vc_row full_width=\u00a0\u00bbstretch_row\u00a0\u00bb css=\u00a0\u00bb.vc_custom_1520853897874{background-color: #bc41a1 !important;}\u00a0\u00bb][vc_column width=\u00a0\u00bb1\/4&Prime;][vc_single_image image=\u00a0\u00bb1186&Prime; img_size=\u00a0\u00bbmedium\u00a0\u00bb alignment=\u00a0\u00bbcenter\u00a0\u00bb][\/vc_column][vc_column width=\u00a0\u00bb1\/4&Prime;][vc_single_image image=\u00a0\u00bb1185&Prime; img_size=\u00a0\u00bbmedium\u00a0\u00bb alignment=\u00a0\u00bbcenter\u00a0\u00bb][\/vc_column][vc_column width=\u00a0\u00bb1\/4&Prime;][vc_single_image image=\u00a0\u00bb1184&Prime; img_size=\u00a0\u00bbmedium\u00a0\u00bb alignment=\u00a0\u00bbcenter\u00a0\u00bb][\/vc_column][vc_column width=\u00a0\u00bb1\/4&Prime;][vc_single_image image=\u00a0\u00bb1183&Prime; img_size=\u00a0\u00bbmedium\u00a0\u00bb alignment=\u00a0\u00bbcenter\u00a0\u00bb][\/vc_column][\/vc_row]<\/p>\n<\/div>","protected":false},"excerpt":{"rendered":"<p>[vc_row full_width=\u00a0\u00bbstretch_row_content\u00a0\u00bb css=\u00a0\u00bb.vc_custom_1519662701322{background-image: url(http:\/\/www.koymalatee.be\/wp-content\/uploads\/2018\/02\/Fond-de-page-min-e1519660532467.jpg?id=330) !important;}\u00a0\u00bb][vc_column css=\u00a0\u00bb.vc_custom_1519660411409{padding-top: 80px !important;padding-bottom: 80px !important;background-position: center !important;background-repeat: no-repeat !important;background-size: contain !important;}\u00a0\u00bb][vc_column_text] A savoir et \u00e0 lire avant de faire un massage [\/vc_column_text][\/vc_column][\/vc_row][vc_row][vc_column][vc_column_text] Services Les services et tarifs vous sont clairement d\u00e9crits. Tout autre service que ceux propos\u00e9s ne seront pas accept\u00e9 ! De plus, les tarifs ne sont pas n\u00e9gociables. [&hellip;]<\/p>\n","protected":false},"author":1,"featured_media":0,"parent":0,"menu_order":0,"comment_status":"closed","ping_status":"closed","template":"","meta":{"footnotes":""},"_links":{"self":[{"href":"https:\/\/www.koymalatee.be\/index.php\/wp-json\/wp\/v2\/pages\/1094"}],"collection":[{"href":"https:\/\/www.koymalatee.be\/index.php\/wp-json\/wp\/v2\/pages"}],"about":[{"href":"https:\/\/www.koymalatee.be\/index.php\/wp-json\/wp\/v2\/types\/page"}],"author":[{"embeddable":true,"href":"https:\/\/www.koymalatee.be\/index.php\/wp-json\/wp\/v2\/users\/1"}],"replies":[{"embeddable":true,"href":"https:\/\/www.koymalatee.be\/index.php\/wp-json\/wp\/v2\/comments?post=1094"}],"version-history":[{"count":3,"href":"https:\/\/www.koymalatee.be\/index.php\/wp-json\/wp\/v2\/pages\/1094\/revisions"}],"predecessor-version":[{"id":1187,"href":"https:\/\/www.koymalatee.be\/index.php\/wp-json\/wp\/v2\/pages\/1094\/revisions\/1187"}],"wp:attachment":[{"href":"https:\/\/www.koymalatee.be\/index.php\/wp-json\/wp\/v2\/media?parent=1094"}],"curies":[{"name":"wp","href":"https:\/\/api.w.org\/{rel}","templated":true}]}}