{"id":1120,"date":"2018-02-27T17:43:40","date_gmt":"2018-02-27T16:43:40","guid":{"rendered":"http:\/\/www.koymalatee.be\/?page_id=1120"},"modified":"2018-02-27T17:46:36","modified_gmt":"2018-02-27T16:46:36","slug":"contre-indications","status":"publish","type":"page","link":"https:\/\/www.koymalatee.be\/index.php\/contre-indications\/","title":{"rendered":"Contre-indications"},"content":{"rendered":"<div class=\"wpb-content-wrapper\"><p>[vc_row full_width=\u00a0\u00bbstretch_row_content\u00a0\u00bb css=\u00a0\u00bb.vc_custom_1519662701322{background-image: url(http:\/\/www.koymalatee.be\/wp-content\/uploads\/2018\/02\/Fond-de-page-min-e1519660532467.jpg?id=330) !important;}\u00a0\u00bb][vc_column css=\u00a0\u00bb.vc_custom_1519660411409{padding-top: 80px !important;padding-bottom: 80px !important;background-position: center !important;background-repeat: no-repeat !important;background-size: contain !important;}\u00a0\u00bb][vc_column_text]<\/p>\n<p style=\"text-align: center; font-size: 3.2em;\"><span style=\"color: #ffffff;\"><strong>Contre-indications aux massages<\/strong><\/span><\/p>\n<p>[\/vc_column_text][\/vc_column][\/vc_row][vc_row][vc_column width=\u00a0\u00bb1\/2&Prime;][vc_column_text]Durant la grossesse et en p\u00e9riode menstruelle certaines positions\u00a0 doivent \u00eatre \u00e9vit\u00e9es.<\/p>\n<ul>\n<li>En cas d&rsquo;insuffisance veineuse (varices).<\/li>\n<li>En cas d&rsquo;hypertension non contr\u00f4l\u00e9e, ne pas pratiquer les compressions circulatoires et certaines man\u0153uvres.<\/li>\n<li>Pas de pression directe sur la structure osseuse, les blessures ouvertes, les h\u00e9matomes et les inflammations.<\/li>\n<\/ul>\n<p>[\/vc_column_text][\/vc_column][vc_column width=\u00a0\u00bb1\/2&Prime;][vc_single_image image=\u00a0\u00bb389&Prime; img_size=\u00a0\u00bbmedium\u00a0\u00bb alignment=\u00a0\u00bbcenter\u00a0\u00bb][\/vc_column][\/vc_row]<\/p>\n<\/div>","protected":false},"excerpt":{"rendered":"<p>[vc_row full_width=\u00a0\u00bbstretch_row_content\u00a0\u00bb css=\u00a0\u00bb.vc_custom_1519662701322{background-image: url(http:\/\/www.koymalatee.be\/wp-content\/uploads\/2018\/02\/Fond-de-page-min-e1519660532467.jpg?id=330) !important;}\u00a0\u00bb][vc_column css=\u00a0\u00bb.vc_custom_1519660411409{padding-top: 80px !important;padding-bottom: 80px !important;background-position: center !important;background-repeat: no-repeat !important;background-size: contain !important;}\u00a0\u00bb][vc_column_text] Contre-indications aux massages [\/vc_column_text][\/vc_column][\/vc_row][vc_row][vc_column width=\u00a0\u00bb1\/2&Prime;][vc_column_text]Durant la grossesse et en p\u00e9riode menstruelle certaines positions\u00a0 doivent \u00eatre \u00e9vit\u00e9es. En cas d&rsquo;insuffisance veineuse (varices). En cas d&rsquo;hypertension non contr\u00f4l\u00e9e, ne pas pratiquer les compressions circulatoires et certaines man\u0153uvres. Pas de pression directe [&hellip;]<\/p>\n","protected":false},"author":1,"featured_media":0,"parent":0,"menu_order":0,"comment_status":"closed","ping_status":"closed","template":"","meta":{"footnotes":""},"_links":{"self":[{"href":"https:\/\/www.koymalatee.be\/index.php\/wp-json\/wp\/v2\/pages\/1120"}],"collection":[{"href":"https:\/\/www.koymalatee.be\/index.php\/wp-json\/wp\/v2\/pages"}],"about":[{"href":"https:\/\/www.koymalatee.be\/index.php\/wp-json\/wp\/v2\/types\/page"}],"author":[{"embeddable":true,"href":"https:\/\/www.koymalatee.be\/index.php\/wp-json\/wp\/v2\/users\/1"}],"replies":[{"embeddable":true,"href":"https:\/\/www.koymalatee.be\/index.php\/wp-json\/wp\/v2\/comments?post=1120"}],"version-history":[{"count":2,"href":"https:\/\/www.koymalatee.be\/index.php\/wp-json\/wp\/v2\/pages\/1120\/revisions"}],"predecessor-version":[{"id":1123,"href":"https:\/\/www.koymalatee.be\/index.php\/wp-json\/wp\/v2\/pages\/1120\/revisions\/1123"}],"wp:attachment":[{"href":"https:\/\/www.koymalatee.be\/index.php\/wp-json\/wp\/v2\/media?parent=1120"}],"curies":[{"name":"wp","href":"https:\/\/api.w.org\/{rel}","templated":true}]}}