{"id":1124,"date":"2018-02-27T17:49:38","date_gmt":"2018-02-27T16:49:38","guid":{"rendered":"http:\/\/www.koymalatee.be\/?page_id=1124"},"modified":"2018-03-12T12:30:37","modified_gmt":"2018-03-12T11:30:37","slug":"les-bienfaits","status":"publish","type":"page","link":"https:\/\/www.koymalatee.be\/index.php\/les-bienfaits\/","title":{"rendered":"Les bienfaits"},"content":{"rendered":"<div class=\"wpb-content-wrapper\"><p>[vc_row full_width=\u00a0\u00bbstretch_row_content\u00a0\u00bb css=\u00a0\u00bb.vc_custom_1519662701322{background-image: url(http:\/\/www.koymalatee.be\/wp-content\/uploads\/2018\/02\/Fond-de-page-min-e1519660532467.jpg?id=330) !important;}\u00a0\u00bb][vc_column css=\u00a0\u00bb.vc_custom_1519660411409{padding-top: 80px !important;padding-bottom: 80px !important;background-position: center !important;background-repeat: no-repeat !important;background-size: contain !important;}\u00a0\u00bb][vc_column_text]<\/p>\n<p style=\"text-align: center; font-size: 3.2em;\"><span style=\"color: #ffffff;\"><strong>Les bienfaits du massage Tha\u00eflandais<\/strong><\/span><\/p>\n<p>[\/vc_column_text][\/vc_column][\/vc_row][vc_row full_width=\u00a0\u00bbstretch_row\u00a0\u00bb css=\u00a0\u00bb.vc_custom_1519750354439{background-color: rgba(236,222,242,0.49) !important;*background-color: rgb(236,222,242) !important;}\u00a0\u00bb][vc_column][vc_column_text]<\/p>\n<h2 style=\"text-align: center;\"><em><strong>\u00ab\u00a0Les massages du Siam diminuent l\u2019angoisse, et sont aussi anti d\u00e9pressif.\u00a0\u00bb<\/strong><\/em><\/h2>\n<p>[\/vc_column_text][\/vc_column][\/vc_row][vc_row full_width=\u00a0\u00bbstretch_row\u00a0\u00bb css=\u00a0\u00bb.vc_custom_1519750354439{background-color: rgba(236,222,242,0.49) !important;*background-color: rgb(236,222,242) !important;}\u00a0\u00bb][vc_column][vc_column_text]<strong>Les massages du Siam diminuent l\u2019angoisse, et sont aussi anti d\u00e9pressif.<\/strong><\/p>\n<p><strong>Le massage stimule les hormones du bien-\u00eatre, tout simplement.<\/strong><\/p>\n<p>R\u00e9duire le stress et favorise le sommeil avec aucun effet secondaire d\u00e9sagr\u00e9able et sans ingr\u00e9dients artificiels : le massage est sain \u00e0 100% Le massage permet au cerveau de secr\u00e9ter de l&rsquo;ocytocine au bout de 7 secondes de contact physique, gr\u00e2ce aux mains du massage.<\/p>\n<p>L\u2019ocytocine est un neurotransmetteur qui agit sur le syst\u00e8me limbique, centre \u00e9motionnel du cerveau, qui favorise le sentiment de satisfaction, r\u00e9duit l\u2019anxi\u00e9t\u00e9 et le stress.<\/p>\n<p>Quand une personne est mass\u00e9e, cette hormone procure du bien-\u00eatre.<\/p>\n<p>A l&rsquo;oppos\u00e9, le stress lib\u00e8re la s\u00e9cr\u00e9tion d&rsquo;ocytocine qui, lorsqu&rsquo;elle est lib\u00e9r\u00e9e dans notre corps par l\u2019hypophyse, abaisse notre rythme cardiaque et notre taux de cortisol.<\/p>\n<p>Ce dernier est l\u2019hormone responsable du stress, de l\u2019hypertension art\u00e9rielle et des maladies cardiaques.<\/p>\n<p>[\/vc_column_text][\/vc_column][\/vc_row][vc_row][vc_column][vc_column_text]<strong>Le massage \u00e9quilibre le syst\u00e8me nerveux<\/strong><\/p>\n<p>Parmi les nombreuses preuves scientifiques relatives \u00e0 l\u2019importance du contact physique, notons aussi que le massage stimule le cerveau pour la production de dopamine et lib\u00e8re des endorphines et de la s\u00e9rotonine dans les vaisseaux sanguins qui am\u00e9liorent l\u2019humeur et cr\u00e9ent le bonheur.<\/p>\n<p>Enfin, la peau contient un r\u00e9seau de petits centres de pression en forme d\u2019\u0153uf appel\u00e9s corpuscules de Pacini qui peuvent d\u00e9tecter le toucher et qui sont en contact avec le cerveau par le nerf vague.<\/p>\n<p>La r\u00e9ponse de la peau de quelqu\u2019un qui re\u00e7oit un massage indique un \u00e9tat plus \u00e9quilibr\u00e9 dans le syst\u00e8me nerveux parasympathique.<\/p>\n<p>Le r\u00f4le du syst\u00e8me nerveux parasympathique est multiple, et souvent antagoniste de celui jou\u00e9 par le syst\u00e8me nerveux orthosympathique.<\/p>\n<p>Par exemple, il ralentit les fonctions de l\u2019organisme dans un objectif de conservation de l\u2019\u00e9nergie, facilite la digestion et le sommeil, rien que \u00e7a&#8230;<\/p>\n<p>Avec l&rsquo;Association Tout Simplement, vous pouvez venir chaque mois vous procurer des moments de parenth\u00e8se extr\u00eamement ressour\u00e7ant.[\/vc_column_text][\/vc_column][\/vc_row][vc_row full_width=\u00a0\u00bbstretch_row\u00a0\u00bb css=\u00a0\u00bb.vc_custom_1520854000282{background-color: #bc41a1 !important;}\u00a0\u00bb][vc_column width=\u00a0\u00bb1\/4&Prime;][vc_single_image image=\u00a0\u00bb1191&Prime; img_size=\u00a0\u00bbmedium\u00a0\u00bb alignment=\u00a0\u00bbcenter\u00a0\u00bb][\/vc_column][vc_column width=\u00a0\u00bb1\/4&Prime;][vc_single_image image=\u00a0\u00bb1190&Prime; img_size=\u00a0\u00bbmedium\u00a0\u00bb alignment=\u00a0\u00bbcenter\u00a0\u00bb][\/vc_column][vc_column width=\u00a0\u00bb1\/4&Prime;][vc_single_image image=\u00a0\u00bb1189&Prime; img_size=\u00a0\u00bbmedium\u00a0\u00bb alignment=\u00a0\u00bbcenter\u00a0\u00bb][\/vc_column][vc_column width=\u00a0\u00bb1\/4&Prime;][vc_single_image image=\u00a0\u00bb1188&Prime; img_size=\u00a0\u00bbmedium\u00a0\u00bb alignment=\u00a0\u00bbcenter\u00a0\u00bb][\/vc_column][\/vc_row]<\/p>\n<\/div>","protected":false},"excerpt":{"rendered":"<p>[vc_row full_width=\u00a0\u00bbstretch_row_content\u00a0\u00bb css=\u00a0\u00bb.vc_custom_1519662701322{background-image: url(http:\/\/www.koymalatee.be\/wp-content\/uploads\/2018\/02\/Fond-de-page-min-e1519660532467.jpg?id=330) !important;}\u00a0\u00bb][vc_column css=\u00a0\u00bb.vc_custom_1519660411409{padding-top: 80px !important;padding-bottom: 80px !important;background-position: center !important;background-repeat: no-repeat !important;background-size: contain !important;}\u00a0\u00bb][vc_column_text] Les bienfaits du massage Tha\u00eflandais [\/vc_column_text][\/vc_column][\/vc_row][vc_row full_width=\u00a0\u00bbstretch_row\u00a0\u00bb css=\u00a0\u00bb.vc_custom_1519750354439{background-color: rgba(236,222,242,0.49) !important;*background-color: rgb(236,222,242) !important;}\u00a0\u00bb][vc_column][vc_column_text] \u00ab\u00a0Les massages du Siam diminuent l\u2019angoisse, et sont aussi anti d\u00e9pressif.\u00a0\u00bb [\/vc_column_text][\/vc_column][\/vc_row][vc_row full_width=\u00a0\u00bbstretch_row\u00a0\u00bb css=\u00a0\u00bb.vc_custom_1519750354439{background-color: rgba(236,222,242,0.49) !important;*background-color: rgb(236,222,242) !important;}\u00a0\u00bb][vc_column][vc_column_text]Les massages du Siam diminuent l\u2019angoisse, et sont aussi anti [&hellip;]<\/p>\n","protected":false},"author":1,"featured_media":0,"parent":0,"menu_order":0,"comment_status":"closed","ping_status":"closed","template":"","meta":{"footnotes":""},"_links":{"self":[{"href":"https:\/\/www.koymalatee.be\/index.php\/wp-json\/wp\/v2\/pages\/1124"}],"collection":[{"href":"https:\/\/www.koymalatee.be\/index.php\/wp-json\/wp\/v2\/pages"}],"about":[{"href":"https:\/\/www.koymalatee.be\/index.php\/wp-json\/wp\/v2\/types\/page"}],"author":[{"embeddable":true,"href":"https:\/\/www.koymalatee.be\/index.php\/wp-json\/wp\/v2\/users\/1"}],"replies":[{"embeddable":true,"href":"https:\/\/www.koymalatee.be\/index.php\/wp-json\/wp\/v2\/comments?post=1124"}],"version-history":[{"count":7,"href":"https:\/\/www.koymalatee.be\/index.php\/wp-json\/wp\/v2\/pages\/1124\/revisions"}],"predecessor-version":[{"id":1128,"href":"https:\/\/www.koymalatee.be\/index.php\/wp-json\/wp\/v2\/pages\/1124\/revisions\/1128"}],"wp:attachment":[{"href":"https:\/\/www.koymalatee.be\/index.php\/wp-json\/wp\/v2\/media?parent=1124"}],"curies":[{"name":"wp","href":"https:\/\/api.w.org\/{rel}","templated":true}]}}