{"id":1132,"date":"2018-02-27T18:00:34","date_gmt":"2018-02-27T17:00:34","guid":{"rendered":"http:\/\/www.koymalatee.be\/?page_id=1132"},"modified":"2018-03-12T17:54:09","modified_gmt":"2018-03-12T16:54:09","slug":"histoire","status":"publish","type":"page","link":"https:\/\/www.koymalatee.be\/index.php\/histoire\/","title":{"rendered":"Histoire"},"content":{"rendered":"<div class=\"wpb-content-wrapper\"><p>[vc_row full_width=\u00a0\u00bbstretch_row_content\u00a0\u00bb css=\u00a0\u00bb.vc_custom_1519662701322{background-image: url(http:\/\/www.koymalatee.be\/wp-content\/uploads\/2018\/02\/Fond-de-page-min-e1519660532467.jpg?id=330) !important;}\u00a0\u00bb][vc_column css=\u00a0\u00bb.vc_custom_1519660411409{padding-top: 80px !important;padding-bottom: 80px !important;background-position: center !important;background-repeat: no-repeat !important;background-size: contain !important;}\u00a0\u00bb][vc_column_text]<\/p>\n<p style=\"text-align: center; font-size: 3.2em;\"><span style=\"color: #ffffff;\"><strong>Un peu d&rsquo;histoire sur les massages Tha\u00eflandais<\/strong><\/span><\/p>\n<p>[\/vc_column_text][\/vc_column][\/vc_row][vc_row full_width=\u00a0\u00bbstretch_row\u00a0\u00bb][vc_column][vc_column_text]<\/p>\n<h3><strong>Le massage traditionnel tha\u00eflandais &#8211; \u0e19\u0e27\u0e14\u0e41\u0e1c\u0e19\u0e42\u0e1a\u0e23\u0e32\u0e13<\/strong><\/h3>\n<p>&nbsp;<\/p>\n<p>Il est utile et n\u00e9cessaire de rendre toute sa noblesse au massage traditionnel tha\u00eflandais, le Nuad Boran &#8211; \u0e19\u0e27\u0e14\u0e41\u0e1c\u0e19\u0e42\u0e1a\u0e23\u0e32\u0e13.<\/p>\n<p>L&rsquo;art du massage tha\u00eflandais serait d&rsquo;origine indienne, plus pr\u00e9cis\u00e9ment le nord du pays, berceau de la m\u00e9decine ayurv\u00e9dique et du yoga, et remonterait \u00e0 plus de 2500 ans, au temps o\u00f9 le Dr. Shivago Khomarpaj, m\u00e9decin personnel et ami de Bouddha, d\u00e9veloppait ses techniques de massage th\u00e9rapeutique. Ce m\u00e9decin \u00e9tait un expert du massage mais aussi de la connaissance des plantes. Il est consid\u00e9r\u00e9 comme le p\u00e8re fondateur de la m\u00e9decine traditionnelle tha\u00efe.<\/p>\n<p>La m\u00e9thode de traitement par le massage fut adopt\u00e9e ensuite par les moines bouddhistes. C&rsquo;est vers le deuxi\u00e8me si\u00e8cle avant J-C que ce massage arriva en Tha\u00eflande o\u00f9 il s&rsquo;int\u00e9gra \u00e0 la m\u00e9decine tha\u00efe traditionnelle. Pour le pr\u00e9server, ce savoir oral fut peu \u00e0 peu retranscrit sur des feuilles de palmier qui disparurent malheureusement presque toutes lors de la destruction par les Birmans de la ville d&rsquo;Ayutthaya, en 1767.<\/p>\n<p>Les quelques fragments qui \u00e9chapp\u00e8rent \u00e0 cette destruction servirent de base aux dessins que l&rsquo;on retrouve aujourd&rsquo;hui encore sur les murs du temple Wat Po \u00e0 Bangkok, dont la construction d\u00e9buta en 1832.<\/p>\n<p>Simon de la Loub\u00e8re, ambassadeur de France \u00e0 la cours royale de Tha\u00eflande, fut le premier \u00e0 mentionner le massage tha\u00ef comme moyen th\u00e9rapeutique en Tha\u00eflande.<\/p>\n<p>En 1690, il \u00e9crivait : Au Siam, lorsqu&rsquo;on est malade, on commence par faire travailler tout son corps par une personne entra\u00een\u00e9e \u00e0 cet effet. Celle-ci s&rsquo;active sur tout le corps du patient et le pi\u00e9tine.<\/p>\n<p>Dans notre soci\u00e9t\u00e9 moderne, le stress est devenu le partenaire ind\u00e9sirable de la population active. Ce stress accumul\u00e9 est \u00e0 l&rsquo;origine de diverse manifestation psychosomatique comme le mal au dos ou les br\u00fblures d&rsquo;estomac.<\/p>\n<p>Plut\u00f4t que de vous gaver de m\u00e9dicaments, retrouvez votre \u00e9quilibre et lib\u00e9rez-vous de ces tensions et de ces maux gr\u00e2ce \u00e0 cette technique naturelle et efficace : le massage tha\u00ef.<\/p>\n<p>La m\u00e9decine traditionnelle tha\u00eflandaise reconna\u00eet la maladie comme \u00e9tant une perturbation de la libre circulation des flux d&rsquo;\u00e9nergie vitale, le \u00ab\u00a0prana\u00a0\u00bb, au sein des \u00ab\u00a0sen\u00a0\u00bb, ou lignes d&rsquo;\u00e9nergie, les fameux m\u00e9ridiens de la m\u00e9decine traditionnelle chinoise. C&rsquo;est par des pressions exerc\u00e9es avec les pouces, les coudes et les pieds d&rsquo;une part, par des postures d&rsquo;\u00e9tirements et des mobilisations articulaires d&rsquo;autre part, que le massage tha\u00ef permet de r\u00e9tablir l&rsquo;\u00e9quilibre et la dynamique \u00e9nerg\u00e9tique du corps en \u00ab chassant les \u00e9nergies n\u00e9gatives et en r\u00e9cup\u00e9rant de l\u2019\u00e9nergie positive \u00bb.<\/p>\n<p>Cette \u00e9nergie se manifeste comme dans tout le monde asiatique par deux aspects oppos\u00e9s et compl\u00e9mentaires, le yin et le yang. Dans l&rsquo;univers tout entier, nous retrouvons ce dualisme fondamental (expansion et contraction, opposition jour-nuit, attirance et r\u00e9pulsion des aimants&#8230;). Dans notre corps, il en est de m\u00eame : les deux aspects yin et yang de l&rsquo;\u00e9nergie doivent maintenir un juste \u00e9quilibre dans les divers points notre corps, car la sant\u00e9 n&rsquo;est rien d&rsquo;autre que le maintien de cet ordre, et la maladie sa rupture.[\/vc_column_text][\/vc_column][\/vc_row][vc_row full_width=\u00a0\u00bbstretch_row\u00a0\u00bb css=\u00a0\u00bb.vc_custom_1520862915774{background-color: rgba(236,222,242,0.49) !important;*background-color: rgb(236,222,242) !important;}\u00a0\u00bb][vc_column][vc_column_text]<\/p>\n<h3><strong>Pratique<\/strong><\/h3>\n<p>&nbsp;<\/p>\n<p>Le massage traditionnel tha\u00ef se pratique au sol, sur des futons, dans une salle priv\u00e9e. Pendant une heure, voire plus, la\u00a0 masseuse est concentr\u00e9e, afin de ressentir au mieux les courants d\u2019\u00e9nergie du receveur. Une musique Zen sera diffus\u00e9e pour vous relaxer au maximum.<\/p>\n<p>Le massage tha\u00ef peut \u00eatre compar\u00e9 \u00e0 une chor\u00e9graphie dans laquelle se succ\u00e8dent de mani\u00e8re naturelle un grand nombre de s\u00e9quences. Chaque toucher doit s&rsquo;accomplir dans une posture juste, et de nombreux changements de position du masseur sont n\u00e9cessaires. Le massage est un savant m\u00e9lange de p\u00e9trissage musculaire, et de r\u00e9flexologie. Il d\u00e9bute par les pieds, avec ou sans huile de massage. La r\u00e9flexologie permet au masseur de rep\u00e9rer les \u00e9ventuelles zones de tension. Les pressions se prolongent ensuite tout le long du mollet, pour atteindre les genoux, puis les cuisses.<\/p>\n<p>Viennent ensuite divers \u00e9tirements : le corps \u00ab craque \u00bb parfois, mais c\u2019est pour notre plus grand bien !<\/p>\n<p>Vient le tour des bras et des mains, avec des pressions en divers points. On s\u2019allonge ensuite sur le ventre, pour un massage du dos, qui combine p\u00e9trissages et pressions. Ce massage du dos et de la nuque, souvent nou\u00e9e en raison de notre mode de vie s\u00e9dentaire, se poursuit en position assise. La s\u00e9ance se termine par une r\u00e9flexologie du cr\u00e2ne et du visage, comme pour lib\u00e9rer les \u00ab mauvaises \u00e9nergies \u00bb par le haut.<\/p>\n<p>&nbsp;<\/p>\n<p>Ce massage utilise les pressions des paumes de la main sur de larges zones du corps, mais aussi des pressions plus pr\u00e9cises, \u00e0 l&rsquo;aide des pouces sur les points ou lignes d\u2019\u00e9nergie nomm\u00e9es \u00ab sen \u00bb (les m\u00e9ridiens des syst\u00e8mes chinois d&rsquo;acupuncture, d&rsquo;acupressure et du shiatsu Japonais). Il existerait plus de 72 000 pranas-nadi, ou lignes d\u2019\u00e9nergie, qui parcourent notre corps. Dix sont travaill\u00e9es lors du massage tha\u00ef. Quant aux \u00e9tirements et mobilisations emprunt\u00e9s aux quelques 109 positions du yoga, ils permettent de d\u00e9tendre les muscles et d&rsquo;assouplir les articulations. Dans cette sorte de \u00ab yoga \u00e0 deux \u00bb, la masseuse utilise non seulement ses mains, mais aussi ses pieds, ses genoux et ses coudes.<\/p>\n<p>Tout en douceur, il doit accompagner le corps dans diff\u00e9rentes postures. Les mises en tension articulaires lib\u00e8rent en douceur le corps de ses raideurs, et les compressions art\u00e9rielles pratiqu\u00e9es \u00e0 l\u2019aine favoriseraient l\u2019\u00e9limination des d\u00e9chets.<\/p>\n<p>Il n&rsquo;y a pas de limite d&rsquo;\u00e2ge pour recevoir un massage traditionnel Tha\u00ef, les personnes \u00e2g\u00e9es retrouvent une souplesse appr\u00e9ci\u00e9e. Mais le massage peut parfois \u00eatre douloureux en certains points pour nous occidentaux peu habitu\u00e9s : c&rsquo;est le cas par exemple des mollets o\u00f9 la pression peut s&rsquo;av\u00e9rer sensible voire douloureuse.[\/vc_column_text][\/vc_column][\/vc_row][vc_row][vc_column][vc_column_text]<\/p>\n<h3><strong>Les autres types de massage Tha\u00eflandais<\/strong><\/h3>\n<p>&nbsp;<\/p>\n<p><strong><u>Massage \u00e0 l&rsquo;huile &#8211; Oil-massage &#8211; <\/u><\/strong><strong><u>\u0e19\u0e27\u0e14\u0e19\u0e49\u0e33\u0e21\u0e31\u0e19<\/u><\/strong><\/p>\n<p>C&rsquo;est un massage plus doux, tout en longueur avec une l&rsquo;huile aromatis\u00e9e : vous vous sentez bien et vous sentez bon. Ce massage est particuli\u00e8rement relaxant.<\/p>\n<p><strong><u>Massage des pieds &#8211; Foot massage &#8211; <\/u><\/strong><strong><u>\u0e19\u0e27\u0e14\u0e40\u0e17\u0e49\u0e32<\/u><\/strong><\/p>\n<p>Seuls les pieds, les mollets et les cuisses sont mass\u00e9s. Une phase de se massage consiste \u00e0 stimuler des points sous la plante du pied \u00e0 l&rsquo;aide d&rsquo;un stick en bois : l\u00e0 on est vraiment dans la r\u00e9flexologie. Chaque zone sous le pied correspondrait \u00e0 une zone du corps ou un organe comme le montre le sch\u00e9ma ci-contre :[\/vc_column_text][vc_single_image image=\u00a0\u00bb1211&Prime; img_size=\u00a0\u00bblarge\u00a0\u00bb alignment=\u00a0\u00bbcenter\u00a0\u00bb][vc_column_text]<strong><u>Massage avec les boules chaudes &#8211;\u00a0 Nuad Plakob ou Tampons du Siam &#8211; <\/u><\/strong><strong><u>\u0e19\u0e27\u0e14\u0e1b\u0e23\u0e30\u0e04\u0e1a<\/u><\/strong><\/p>\n<p><em><strong>Le Nuad Plakob<\/strong><\/em> est un soin pratiqu\u00e9 en Tha\u00eflande depuis le XIV si\u00e8cle.<\/p>\n<p><em><strong>Le Nuad Plakob<\/strong><\/em> est devenu, une th\u00e9rapie destin\u00e9e \u00e0 pr\u00e9venir mais \u00e9galement \u00e0 soigner les maladies dans toute la Tha\u00eflande et \u00e0 partir de l\u00e0 est entr\u00e9 dans la m\u00e9decine populaire pour s\u2019imposer comme soin traditionnel.<\/p>\n<p>Des pochons chauds remplis de plantes et \u00e9pices aromatiques sont appliqu\u00e9s en massage pour une action apaisante et bienfaisante.<\/p>\n<p>Ces pochoirs contiennent un m\u00e9lange d\u2019herbes m\u00e9dicinales qui lib\u00e8rent leurs bienfaits et leur parfum sous l\u2019effet de la chaleur.<\/p>\n<p>&nbsp;<\/p>\n<p><em><strong>LES BENEFICES DU NUAD PLAKOB<\/strong><\/em><\/p>\n<p>* La chaleur stimule le m\u00e9tabolisme. Chaque degr\u00e9 qui exc\u00e8de la temp\u00e9rature du corps accro\u00eet le bon fonctionnement du m\u00e9tabolisme d\u2019environ 15%.<\/p>\n<p>* La chaleur renforce la souplesse. Les tendons et les muscles s\u2019\u00e9tendent naturellement, d\u2019o\u00f9 l\u2019aide ind\u00e9niable qu\u2019il repr\u00e9sente pour soulager rhumatisme, arthrite et \u00ab vieilles douleurs \u00bb\u2026.<\/p>\n<p>* La chaleur stimule la circulation sanguine : Les vaisseaux sanguins sont dilat\u00e9s et par ce biais, la peau est mieux irrigu\u00e9e. Par cette source de chaleur, les toxines sont \u00e9limin\u00e9es.<\/p>\n<p>* Les pressions chaudes roul\u00e9es fait du Nuad Plakob un massage en profondeur et permettent aux essences des plantes de p\u00e9n\u00e9trer les tissues, sur les muscles ses pressions apportent une grande d\u00e9tente, sur les autres endroits du corps il cajole et r\u00e9chauffe.<\/p>\n<p>* Plac\u00e9es au bon endroit, la puissance naturelle des pochons d\u2019herbe a l\u2019effet d\u2019une fontaine de jouvence. Les points d\u2019\u00e9nergie se d\u00e9bloquent et une nouvelle vitalit\u00e9 p\u00e9n\u00e8tre le corps.<\/p>\n<p>Pour terminer, les phases des massages consistent en un drainage et un assouplissement des articulations.<\/p>\n<p>Quel que soit la r\u00e9alit\u00e9 de la th\u00e9orie de la r\u00e9flexologie, il r\u00e9sulte de ces types de massages un r\u00e9el bien \u00eatre avec souvent un assoupissement durant les massages, c\u2019est une exp\u00e9rience incontestablement \u00e0 faire.[\/vc_column_text][\/vc_column][\/vc_row][vc_row full_width=\u00a0\u00bbstretch_row\u00a0\u00bb css=\u00a0\u00bb.vc_custom_1520854274235{background-color: #bc41a1 !important;}\u00a0\u00bb][vc_column width=\u00a0\u00bb1\/4&Prime;][vc_single_image image=\u00a0\u00bb1195&Prime; img_size=\u00a0\u00bb150&#215;150&Prime; alignment=\u00a0\u00bbcenter\u00a0\u00bb][\/vc_column][vc_column width=\u00a0\u00bb1\/4&Prime;][vc_single_image image=\u00a0\u00bb1196&Prime; img_size=\u00a0\u00bbmedium\u00a0\u00bb alignment=\u00a0\u00bbcenter\u00a0\u00bb][\/vc_column][vc_column width=\u00a0\u00bb1\/4&Prime;][vc_single_image image=\u00a0\u00bb1197&Prime; img_size=\u00a0\u00bbmedium\u00a0\u00bb alignment=\u00a0\u00bbcenter\u00a0\u00bb][\/vc_column][vc_column width=\u00a0\u00bb1\/4&Prime;][vc_single_image image=\u00a0\u00bb1194&Prime; img_size=\u00a0\u00bbmedium\u00a0\u00bb alignment=\u00a0\u00bbcenter\u00a0\u00bb][\/vc_column][\/vc_row]<\/p>\n<\/div>","protected":false},"excerpt":{"rendered":"<p>[vc_row full_width=\u00a0\u00bbstretch_row_content\u00a0\u00bb css=\u00a0\u00bb.vc_custom_1519662701322{background-image: url(http:\/\/www.koymalatee.be\/wp-content\/uploads\/2018\/02\/Fond-de-page-min-e1519660532467.jpg?id=330) !important;}\u00a0\u00bb][vc_column css=\u00a0\u00bb.vc_custom_1519660411409{padding-top: 80px !important;padding-bottom: 80px !important;background-position: center !important;background-repeat: no-repeat !important;background-size: contain !important;}\u00a0\u00bb][vc_column_text] Un peu d&rsquo;histoire sur les massages Tha\u00eflandais [\/vc_column_text][\/vc_column][\/vc_row][vc_row full_width=\u00a0\u00bbstretch_row\u00a0\u00bb][vc_column][vc_column_text] Le massage traditionnel tha\u00eflandais &#8211; \u0e19\u0e27\u0e14\u0e41\u0e1c\u0e19\u0e42\u0e1a\u0e23\u0e32\u0e13 &nbsp; Il est utile et n\u00e9cessaire de rendre toute sa noblesse au massage traditionnel tha\u00eflandais, le Nuad Boran &#8211; \u0e19\u0e27\u0e14\u0e41\u0e1c\u0e19\u0e42\u0e1a\u0e23\u0e32\u0e13. L&rsquo;art du massage tha\u00eflandais [&hellip;]<\/p>\n","protected":false},"author":1,"featured_media":0,"parent":0,"menu_order":0,"comment_status":"closed","ping_status":"closed","template":"","meta":{"footnotes":""},"_links":{"self":[{"href":"https:\/\/www.koymalatee.be\/index.php\/wp-json\/wp\/v2\/pages\/1132"}],"collection":[{"href":"https:\/\/www.koymalatee.be\/index.php\/wp-json\/wp\/v2\/pages"}],"about":[{"href":"https:\/\/www.koymalatee.be\/index.php\/wp-json\/wp\/v2\/types\/page"}],"author":[{"embeddable":true,"href":"https:\/\/www.koymalatee.be\/index.php\/wp-json\/wp\/v2\/users\/1"}],"replies":[{"embeddable":true,"href":"https:\/\/www.koymalatee.be\/index.php\/wp-json\/wp\/v2\/comments?post=1132"}],"version-history":[{"count":21,"href":"https:\/\/www.koymalatee.be\/index.php\/wp-json\/wp\/v2\/pages\/1132\/revisions"}],"predecessor-version":[{"id":1232,"href":"https:\/\/www.koymalatee.be\/index.php\/wp-json\/wp\/v2\/pages\/1132\/revisions\/1232"}],"wp:attachment":[{"href":"https:\/\/www.koymalatee.be\/index.php\/wp-json\/wp\/v2\/media?parent=1132"}],"curies":[{"name":"wp","href":"https:\/\/api.w.org\/{rel}","templated":true}]}}