{"id":237,"date":"2015-12-21T07:12:57","date_gmt":"2015-12-21T07:12:57","guid":{"rendered":"http:\/\/webriti.com\/demo\/wp\/lite\/spasalon\/?page_id=6"},"modified":"2018-03-12T17:55:04","modified_gmt":"2018-03-12T16:55:04","slug":"home-2","status":"publish","type":"page","link":"https:\/\/www.koymalatee.be\/","title":{"rendered":"Accueil"},"content":{"rendered":"<div class=\"wpb-content-wrapper\"><p>[vc_row full_width=\u00a0\u00bbstretch_row_content\u00a0\u00bb css=\u00a0\u00bb.vc_custom_1519662701322{background-image: url(http:\/\/www.koymalatee.be\/wp-content\/uploads\/2018\/02\/Fond-de-page-min-e1519660532467.jpg?id=330) !important;}\u00a0\u00bb][vc_column css=\u00a0\u00bb.vc_custom_1519660411409{padding-top: 80px !important;padding-bottom: 80px !important;background-position: center !important;background-repeat: no-repeat !important;background-size: contain !important;}\u00a0\u00bb][vc_column_text]<\/p>\n<p style=\"text-align: center; font-size: 3.2em;\"><span style=\"color: #ffffff;\"><strong>Bienvenue !<\/strong><\/span><\/p>\n<p>[\/vc_column_text][\/vc_column][\/vc_row][vc_row][vc_column][vc_column_text]<strong>Koy de nationalit\u00e9 Tha\u00eflandaise dipl\u00f4m\u00e9e de Chetawan Tha\u00ef traditional medical school Bangkok. (Watpo).<\/strong><\/p>\n<ul>\n<li>Les massages n&rsquo;ont que le but de la relaxation et de votre bien-\u00eatre.<\/li>\n<li>Ils excluent toute pratique m\u00e9dicale ou sexuelle.<\/li>\n<li>Pour chaque soin, une boisson vous sera offerte. (il est important de boire apr\u00e8s pour \u00e9liminer les toxines lib\u00e9r\u00e9es par votre corps lors du massage).<\/li>\n<li>Nous ne prenons uniquement que les paiements en liquide.<\/li>\n<li>\u200bSi vous \u00eates \u00e0 la recherche d&rsquo;un espace de bien-\u00eatre pour un moment de d\u00e9tente\u00a0dans une ambiance zen et sous le th\u00e8me de l&rsquo;Asie et du Siam, vous trouverez chez nous tout pour enlever le stress du corps.<\/li>\n<li>Notre travail sera soign\u00e9 avec une hygi\u00e8ne des plus propre et sans reproches,\u00a0avec du mat\u00e9riel et des produits de haute qualit\u00e9.<\/li>\n<\/ul>\n<p><strong>Effets recherch\u00e9s<\/strong><\/p>\n<ul>\n<li>\u00c9vacuation du stress, de la nervosit\u00e9 et de la fatigue.<\/li>\n<li>ils soulagent des tensions et raideurs musculaires.<\/li>\n<li>Gain d&rsquo;\u00e9nergie et de vitalit\u00e9.<\/li>\n<li>Stimulation de la circulation sanguine et des organes de votre corps.<\/li>\n<li>Le massage vous procure une d\u00e9contraction totale du corps et de l\u2019esprit.<\/li>\n<li>Les massages tha\u00ef sont b\u00e9n\u00e9fique dans une cinquantaine de maladies, des c\u00e9phal\u00e9es aux tendinites comme pour le tennis elbow.<\/li>\n<\/ul>\n<p><strong>Les massages que nous vous proposons offrent plusieurs avantages potentiels pour la sant\u00e9\u00a0:<\/strong><\/p>\n<ul>\n<li>Le salon est dans un endroit adapt\u00e9 au calme, \u00e0 la s\u00e9r\u00e9nit\u00e9, pour vous aider \u00e0 vider votre esprit du monde agit\u00e9 qui nous entoure.<\/li>\n<li>Notre but est de vous aider vous et votre corps vous le m\u00e9ritez bien et c\u2019est la meilleure fa\u00e7on de bien prendre soin de vous.\u00a0Le Nuad Plakob offre plusieurs avantages th\u00e9rapeutique pour la sant\u00e9 :Le Nuad Plakob offre plusieurs avantages th\u00e9rapeutique pour la sant\u00e9 : qui consiste \u00e0 soulager les douleurs musculaires, dissipe les tensions, stimule les organes internes, am\u00e9liore la circulation sanguine et lymphatique et assure une d\u00e9contraction totale du corps et de l\u2019esprit.<\/li>\n<li>Si vous \u00eates \u00e0 la recherche d&rsquo;un espace de bien-\u00eatre pour un moment de d\u00e9tente\u00a0dans une ambiance zen et sous le th\u00e8me de l&rsquo;Asie, quittez la Belgique une heure et vous trouverez chez nous tout pour enlever le stress de votre corps.<\/li>\n<\/ul>\n<p style=\"text-align: center;\"><strong>Alors pourquoi ne pas profiter d\u2019une visite pour tenter l&rsquo;exp\u00e9rience !<\/strong><\/p>\n<p>[\/vc_column_text][\/vc_column][\/vc_row][vc_row full_width=\u00a0\u00bbstretch_row\u00a0\u00bb css=\u00a0\u00bb.vc_custom_1520852874632{background-color: #bc41a1 !important;}\u00a0\u00bb][vc_column width=\u00a0\u00bb1\/4&Prime;][vc_single_image image=\u00a0\u00bb1145&Prime; img_size=\u00a0\u00bbmedium\u00a0\u00bb alignment=\u00a0\u00bbcenter\u00a0\u00bb][\/vc_column][vc_column width=\u00a0\u00bb1\/4&Prime;][vc_single_image image=\u00a0\u00bb1146&Prime; img_size=\u00a0\u00bbmedium\u00a0\u00bb alignment=\u00a0\u00bbcenter\u00a0\u00bb][\/vc_column][vc_column width=\u00a0\u00bb1\/4&Prime;][vc_single_image image=\u00a0\u00bb1147&Prime; img_size=\u00a0\u00bbmedium\u00a0\u00bb alignment=\u00a0\u00bbcenter\u00a0\u00bb][\/vc_column][vc_column width=\u00a0\u00bb1\/4&Prime;][vc_single_image image=\u00a0\u00bb1148&Prime; img_size=\u00a0\u00bbmedium\u00a0\u00bb alignment=\u00a0\u00bbcenter\u00a0\u00bb][\/vc_column][\/vc_row]<\/p>\n<\/div>","protected":false},"excerpt":{"rendered":"<p>[vc_row full_width=\u00a0\u00bbstretch_row_content\u00a0\u00bb css=\u00a0\u00bb.vc_custom_1519662701322{background-image: url(http:\/\/www.koymalatee.be\/wp-content\/uploads\/2018\/02\/Fond-de-page-min-e1519660532467.jpg?id=330) !important;}\u00a0\u00bb][vc_column css=\u00a0\u00bb.vc_custom_1519660411409{padding-top: 80px !important;padding-bottom: 80px !important;background-position: center !important;background-repeat: no-repeat !important;background-size: contain !important;}\u00a0\u00bb][vc_column_text] Bienvenue ! [\/vc_column_text][\/vc_column][\/vc_row][vc_row][vc_column][vc_column_text]Koy de nationalit\u00e9 Tha\u00eflandaise dipl\u00f4m\u00e9e de Chetawan Tha\u00ef traditional medical school Bangkok. (Watpo). Les massages n&rsquo;ont que le but de la relaxation et de votre bien-\u00eatre. Ils excluent toute pratique m\u00e9dicale ou sexuelle. Pour chaque soin, une [&hellip;]<\/p>\n","protected":false},"author":1,"featured_media":0,"parent":0,"menu_order":0,"comment_status":"closed","ping_status":"closed","template":"","meta":{"footnotes":""},"_links":{"self":[{"href":"https:\/\/www.koymalatee.be\/index.php\/wp-json\/wp\/v2\/pages\/237"}],"collection":[{"href":"https:\/\/www.koymalatee.be\/index.php\/wp-json\/wp\/v2\/pages"}],"about":[{"href":"https:\/\/www.koymalatee.be\/index.php\/wp-json\/wp\/v2\/types\/page"}],"author":[{"embeddable":true,"href":"https:\/\/www.koymalatee.be\/index.php\/wp-json\/wp\/v2\/users\/1"}],"replies":[{"embeddable":true,"href":"https:\/\/www.koymalatee.be\/index.php\/wp-json\/wp\/v2\/comments?post=237"}],"version-history":[{"count":23,"href":"https:\/\/www.koymalatee.be\/index.php\/wp-json\/wp\/v2\/pages\/237\/revisions"}],"predecessor-version":[{"id":1233,"href":"https:\/\/www.koymalatee.be\/index.php\/wp-json\/wp\/v2\/pages\/237\/revisions\/1233"}],"wp:attachment":[{"href":"https:\/\/www.koymalatee.be\/index.php\/wp-json\/wp\/v2\/media?parent=237"}],"curies":[{"name":"wp","href":"https:\/\/api.w.org\/{rel}","templated":true}]}}